{"id":1893,"date":"2025-09-30T03:13:55","date_gmt":"2025-09-30T03:13:55","guid":{"rendered":"https:\/\/youth.sncil.org\/opciones-educativas-tras-el-bachillerato\/"},"modified":"2026-02-26T23:12:40","modified_gmt":"2026-02-26T23:12:40","slug":"opciones-educativas-tras-el-bachillerato","status":"publish","type":"page","link":"https:\/\/youth.sncil.org\/es\/viaje-nv\/navegar-por-los-recursos-comunitarios-esenciales\/opciones-educativas-tras-el-bachillerato\/","title":{"rendered":"Opciones educativas tras el bachillerato"},"content":{"rendered":"\t\t<div data-elementor-type=\"wp-page\" data-elementor-id=\"1893\" class=\"elementor elementor-1893 elementor-1884\" data-elementor-post-type=\"page\">\n\t\t\t\t<div data-particle_enable=\"false\" data-particle-mobile-disabled=\"false\" class=\"elementor-element elementor-element-1856833a e-con-full e-flex e-con e-parent\" data-id=\"1856833a\" data-element_type=\"container\" data-e-type=\"container\">\n\t\t\t\t<div class=\"elementor-element elementor-element-68385d1f elementor-widget elementor-widget-image\" data-id=\"68385d1f\" data-element_type=\"widget\" data-e-type=\"widget\" data-widget_type=\"image.default\">\n\t\t\t\t<div class=\"elementor-widget-container\">\n\t\t\t\t\t\t\t\t\t\t\t\t\t\t\t<img fetchpriority=\"high\" decoding=\"async\" width=\"1440\" height=\"700\" src=\"https:\/\/youth.sncil.org\/wp-content\/uploads\/2025\/09\/Preparing-for-Post-Secondary-Education-SNCIL.svg\" class=\"attachment-full size-full wp-image-1888\" alt=\"Ilustraci\u00f3n de un joven en silla de ruedas mirando una tabla llena de opciones educativas.\" \/>\t\t\t\t\t\t\t\t\t\t\t\t\t\t\t<\/div>\n\t\t\t\t<\/div>\n\t\t\t\t<div class=\"elementor-element elementor-element-45d5258c elementor-widget elementor-widget-heading\" data-id=\"45d5258c\" data-element_type=\"widget\" data-e-type=\"widget\" data-widget_type=\"heading.default\">\n\t\t\t\t<div class=\"elementor-widget-container\">\n\t\t\t\t\t<h1 class=\"elementor-heading-title elementor-size-default\">Opciones educativas tras el bachillerato<\/h1>\t\t\t\t<\/div>\n\t\t\t\t<\/div>\n\t\t\t\t<div class=\"elementor-element elementor-element-1d32a987 elementor-widget elementor-widget-spacer\" data-id=\"1d32a987\" data-element_type=\"widget\" data-e-type=\"widget\" data-widget_type=\"spacer.default\">\n\t\t\t\t<div class=\"elementor-widget-container\">\n\t\t\t\t\t\t\t<div class=\"elementor-spacer\">\n\t\t\t<div class=\"elementor-spacer-inner\"><\/div>\n\t\t<\/div>\n\t\t\t\t\t\t<\/div>\n\t\t\t\t<\/div>\n\t\t\t\t<\/div>\n\t\t<div data-particle_enable=\"false\" data-particle-mobile-disabled=\"false\" class=\"elementor-element elementor-element-46cd6988 e-flex e-con-boxed e-con e-parent\" data-id=\"46cd6988\" data-element_type=\"container\" data-e-type=\"container\">\n\t\t\t\t\t<div class=\"e-con-inner\">\n\t\t\t\t<div class=\"elementor-element elementor-element-135ef9f elementor-widget elementor-widget-spacer\" data-id=\"135ef9f\" data-element_type=\"widget\" data-e-type=\"widget\" data-widget_type=\"spacer.default\">\n\t\t\t\t<div class=\"elementor-widget-container\">\n\t\t\t\t\t\t\t<div class=\"elementor-spacer\">\n\t\t\t<div class=\"elementor-spacer-inner\"><\/div>\n\t\t<\/div>\n\t\t\t\t\t\t<\/div>\n\t\t\t\t<\/div>\n\t\t\t\t<div class=\"elementor-element elementor-element-39b444d elementor-widget elementor-widget-video\" data-id=\"39b444d\" data-element_type=\"widget\" data-e-type=\"widget\" data-settings=\"{&quot;youtube_url&quot;:&quot;https:\\\/\\\/youtu.be\\\/iOBCvUAOUjo?si=9NSk2qpBjRGwo8Vi&quot;,&quot;video_type&quot;:&quot;youtube&quot;,&quot;controls&quot;:&quot;yes&quot;}\" data-widget_type=\"video.default\">\n\t\t\t\t<div class=\"elementor-widget-container\">\n\t\t\t\t\t\t\t<div class=\"elementor-wrapper elementor-open-inline\">\n\t\t\t<div class=\"elementor-video\"><\/div>\t\t<\/div>\n\t\t\t\t\t\t<\/div>\n\t\t\t\t<\/div>\n\t\t\t\t<div class=\"elementor-element elementor-element-66c35039 elementor-widget elementor-widget-text-editor\" data-id=\"66c35039\" data-element_type=\"widget\" data-e-type=\"widget\" data-widget_type=\"text-editor.default\">\n\t\t\t\t<div class=\"elementor-widget-container\">\n\t\t\t\t\t\t\t\t\t<p><span style=\"font-weight: 400;\">Nunca es demasiado tarde para empezar a planificar una carrera profesional, tanto si est\u00e1s en el instituto como si ya tienes el t\u00edtulo y quieres explorar la posibilidad de trabajar en un sector o empleo concreto.  <\/span><\/p><p><span style=\"font-weight: 400;\">Si est\u00e1s considerando una carrera en particular, aseg\u00farate de saber qu\u00e9 tipo de educaci\u00f3n o formaci\u00f3n se requiere. Consulte nuestros recursos m\u00e1s abajo.  <\/span><\/p><p><span style=\"font-weight: 400;\">Si te interesa asistir a un colegio comunitario, una universidad o una escuela de oficios, puedes explorar las opciones disponibles en Nevada en Nevada Trip&#8217;s <\/span><a href=\"https:\/\/nevadatrip.nv.gov\/postsecondary-ed\/\"><span style=\"font-weight: 400;\">Educaci\u00f3n Postsecundaria<\/span><\/a><span style=\"font-weight: 400;\"> de Nevada Trip.<\/span><\/p><h2><span style=\"font-weight: 400;\">Bachillerato y GED<\/span><\/h2><p><span style=\"font-weight: 400;\">El Departamento de Educaci\u00f3n de Nevada ofrece seis tipos de diplomas de bachillerato: College and Career Ready (CCR), Avanzado, Est\u00e1ndar, Alternativo, Ajustado y Adulto. Cada uno se basa en diferentes requisitos para las unidades de cr\u00e9dito, GPA, evaluaciones, y las necesidades adicionales de los estudiantes, tales como un Programa de Educaci\u00f3n Individualizada (IEP).  M\u00e1s informaci\u00f3n en  <\/span><a href=\"https:\/\/doe.nv.gov\/offices\/office-of-teaching-and-learning\/high-school-graduation\"><span style=\"font-weight: 400;\">https:\/\/doe.nv.gov\/offices\/office-of-teaching-and-learning\/high-school-graduation<\/span><\/a><span style=\"font-weight: 400;\">. <\/span> <\/p><p><span style=\"font-weight: 400;\">Nevada Trip&#8217;s <\/span><a href=\"https:\/\/nevadatrip.nv.gov\/supports-in-high-school\/\"><span style=\"font-weight: 400;\">Apoyos en el instituto<\/span><\/a><span style=\"font-weight: 400;\"> detalla algunos recursos \u00fatiles en Nevada que pueden ayudarte (mientras todav\u00eda est\u00e1s en la escuela secundaria) a planificar tu futuro, ya sea que eso implique la universidad, entrar en la fuerza laboral o algo m\u00e1s.<\/span><\/p><h2><span style=\"font-weight: 400;\">Diplomatura<\/span><\/h2><p><span style=\"font-weight: 400;\">A menudo llamado t\u00edtulo de dos a\u00f1os, un t\u00edtulo de asociado es un est\u00e1ndar m\u00ednimo para muchos puestos de trabajo, incluidas las funciones de t\u00e9cnico y asistente en la atenci\u00f3n sanitaria, la tecnolog\u00eda, la educaci\u00f3n y m\u00e1s. Suelen obtenerse en colegios comunitarios, son transferibles a universidades de cuatro a\u00f1os y cuentan para programas de licenciatura, y a menudo son m\u00e1s asequibles que otros t\u00edtulos que tardan m\u00e1s en completarse.  Algunos programas de grado asociado ofrecen incluso la posibilidad de continuar inmediatamente con un programa de licenciatura relacionado en una universidad asociada, por ejemplo,  <\/span><a href=\"https:\/\/catalog.tmcc.edu\/degrees-certificates\/instructional-programs\/\"><span style=\"font-weight: 400;\">Colegio Comunitario Truckee Meadows<\/span><\/a><span style=\"font-weight: 400;\"> a <\/span><a href=\"https:\/\/www.unr.edu\/degrees\"><span style=\"font-weight: 400;\">Universidad de Nevada, Reno<\/span><\/a><span style=\"font-weight: 400;\">.<\/span><\/p><h2><span style=\"font-weight: 400;\">Licenciaturas<\/span><\/h2><p><span style=\"font-weight: 400;\">Salvo contadas excepciones, los estudios de licenciatura pueden completarse en cuatro a\u00f1os y normalmente s\u00f3lo se imparten en universidades de cuatro a\u00f1os, aunque algunos centros de ense\u00f1anza superior pueden ofrecer algunos programas de licenciatura en campos muy demandados en esas comunidades. Seg\u00fan  <\/span><a href=\"https:\/\/research.collegeboard.org\/trends\/education-pays\"><span style=\"font-weight: 400;\">El College Board<\/span><\/a><span style=\"font-weight: 400;\">las personas con una licenciatura ganan de media un 60% m\u00e1s que las que s\u00f3lo tienen el t\u00edtulo de bachillerato.<\/span><\/p><h2><span style=\"font-weight: 400;\">T\u00edtulos de posgrado<\/span><\/h2><p><span style=\"font-weight: 400;\">Muchas carreras requieren m\u00e1s a\u00f1os de formaci\u00f3n altamente especializada para poder trabajar en ellas. Por ejemplo, los cient\u00edficos, los m\u00e9dicos, los directores de escuela, los abogados y otras profesiones necesitan un m\u00e1ster -dos a\u00f1os de estudios m\u00e1s all\u00e1 de la licenciatura- o un doctorado -dos o m\u00e1s a\u00f1os m\u00e1s all\u00e1 de la licenciatura-.  <\/span><\/p><h2><span style=\"font-weight: 400;\">Formaci\u00f3n profesional<\/span><\/h2><p><span style=\"font-weight: 400;\">Algunas competencias laborales espec\u00edficas pueden aprenderse a trav\u00e9s de peque\u00f1os programas de formaci\u00f3n espec\u00edficos. Tras un periodo de tiempo m\u00e1s corto que el de una titulaci\u00f3n -a menudo unos pocos meses o menos-, los estudiantes pueden obtener certificaciones, licencias o diplomas que demuestren su experiencia especializada a posibles empleadores.  Pueden ofrecerse en centros de formaci\u00f3n profesional\/t\u00e9cnica de la zona, tambi\u00e9n llamados  <\/span><a href=\"https:\/\/nevadatrip.nv.gov\/voc-tech\/\"><span style=\"font-weight: 400;\">escuelas de oficios<\/span><\/a><span style=\"font-weight: 400;\">as\u00ed como colegios comunitarios, universidades o incluso algunas empresas (por ejemplo, <\/span><a href=\"https:\/\/learn.microsoft.com\/en-us\/credentials\/\"><span style=\"font-weight: 400;\">Microsoft<\/span><\/a><span style=\"font-weight: 400;\">) u organizaciones profesionales (como la <\/span><a href=\"https:\/\/www.shrm.org\/credentials\/certification\"><span style=\"font-weight: 400;\">Sociedad de Gesti\u00f3n de Recursos Humanos<\/span><\/a><span style=\"font-weight: 400;\">). Algunos requieren la asistencia a un aula, mientras que otros pueden realizarse en l\u00ednea.<\/span><\/p><h2><span style=\"font-weight: 400;\">Aprendizaje<\/span><\/h2><p><span style=\"font-weight: 400;\">Normalmente asociados a oficios especializados, los programas de aprendizaje est\u00e1n dise\u00f1ados para proporcionar una combinaci\u00f3n de formaci\u00f3n en el puesto de trabajo (normalmente remunerada) y educaci\u00f3n que da como resultado una credencial y, normalmente, un puesto profesional a tiempo completo. M\u00e1s informaci\u00f3n en nuestra p\u00e1gina de Aprendizaje. <\/span><\/p><h2><span style=\"font-weight: 400;\">Recursos<\/span><\/h2><p><span style=\"font-weight: 400;\">\u00bfNo sabe por d\u00f3nde empezar? Aqu\u00ed tienes algunas ideas: <\/span><\/p><ul><li style=\"font-weight: 400;\" aria-level=\"1\"><span style=\"font-weight: 400;\">Adem\u00e1s de explorar <\/span><a href=\"https:\/\/nevadatrip.nv.gov\/supports-in-high-school\/\"><span style=\"font-weight: 400;\">recursos de apoyo para estudiantes de secundaria en Nevada Trip<\/span><\/a><span style=\"font-weight: 400;\">Tambi\u00e9n puedes hablar con tu orientador, con el centro de recursos para discapacitados de tu centro de estudios o con el proveedor de servicios para discapacitados de tu equipo IEP. Es posible que puedan ayudarte a identificar carreras que se ajusten a tus intereses y habilidades, compartir informaci\u00f3n sobre programas en universidades y escuelas de comercio locales que ofrezcan esa formaci\u00f3n, e informarte sobre los servicios estudiantiles disponibles en estas escuelas para ayudar a los estudiantes con discapacidades a tener \u00e9xito.  <\/span><\/li><li style=\"font-weight: 400;\" aria-level=\"1\"><span style=\"font-weight: 400;\">Realiza tu propia investigaci\u00f3n profesional en <\/span><a href=\"https:\/\/bigfuture.collegeboard.org\/\"><span style=\"font-weight: 400;\">el sitio de exploraci\u00f3n y planificaci\u00f3n profesional BigFuture del College Board<\/span><\/a><span style=\"font-weight: 400;\"> o en la p\u00e1gina <\/span><a href=\"https:\/\/www.bls.gov\/audience\/jobseekers.htm\"><span style=\"font-weight: 400;\">p\u00e1gina de b\u00fasqueda de empleo de la Oficina de Estad\u00edsticas Laborales de EE.UU.<\/span><\/a><span style=\"font-weight: 400;\">. Ambos sitios ofrecen amplia informaci\u00f3n sobre cientos de carreras, en qu\u00e9 consisten esos empleos, c\u00f3mo prepararse para ellos, previsiones salariales y laborales, y mucho m\u00e1s.<\/span><\/li><li style=\"font-weight: 400;\" aria-level=\"1\"><span style=\"font-weight: 400;\">La p\u00e1gina <\/span><a href=\"https:\/\/nshe.nevada.edu\/\"><span style=\"font-weight: 400;\">Sistema de Educaci\u00f3n Superior de Nevada (NSHE)<\/span><\/a><span style=\"font-weight: 400;\"> ofrece informaci\u00f3n detallada sobre todas sus facultades y universidades, y sus <\/span><a href=\"https:\/\/nshe.nevada.edu\/\"><span style=\"font-weight: 400;\">Recursos para estudiantes<\/span><\/a><span style=\"font-weight: 400;\"> comparte informaci\u00f3n \u00fatil sobre ayuda financiera, apoyo y accesibilidad para estudiantes, aprendizaje y mucho m\u00e1s.<\/span><\/li><\/ul>\t\t\t\t\t\t\t\t<\/div>\n\t\t\t\t<\/div>\n\t\t\t\t<div class=\"elementor-element elementor-element-1978489 elementor-widget elementor-widget-spacer\" data-id=\"1978489\" data-element_type=\"widget\" data-e-type=\"widget\" data-widget_type=\"spacer.default\">\n\t\t\t\t<div class=\"elementor-widget-container\">\n\t\t\t\t\t\t\t<div class=\"elementor-spacer\">\n\t\t\t<div class=\"elementor-spacer-inner\"><\/div>\n\t\t<\/div>\n\t\t\t\t\t\t<\/div>\n\t\t\t\t<\/div>\n\t\t\t\t<div class=\"elementor-element elementor-element-c72665f elementor-widget elementor-widget-text-editor\" data-id=\"c72665f\" data-element_type=\"widget\" data-e-type=\"widget\" data-widget_type=\"text-editor.default\">\n\t\t\t\t<div class=\"elementor-widget-container\">\n\t\t\t\t\t\t\t\t\t<h3><a href=\"https:\/\/youth.sncil.org\/nv-trip\/navigating-essential-community-resources\/preparing-for-postsecondary-education\/\" target=\"_blank\" rel=\"noopener\"><span style=\"font-weight: 400;\">Siguiente: Preparaci\u00f3n para la educaci\u00f3n postsecundaria<\/span><\/a><\/h3>\t\t\t\t\t\t\t\t<\/div>\n\t\t\t\t<\/div>\n\t\t\t\t\t<\/div>\n\t\t\t\t<\/div>\n\t\t\t\t<\/div>\n\t\t","protected":false},"excerpt":{"rendered":"<p>Opciones educativas tras el bachillerato https:\/\/youtu.be\/iOBCvUAOUjo?si=9NSk2qpBjRGwo8Vi Nunca es demasiado tarde para empezar a planificar una carrera profesional, tanto si est\u00e1s en el instituto como si ya tienes el t\u00edtulo y quieres explorar la posibilidad de trabajar en un sector o empleo concreto. Si est\u00e1s considerando una carrera en particular, aseg\u00farate de saber qu\u00e9 tipo de [&hellip;]<\/p>\n","protected":false},"author":1,"featured_media":0,"parent":773,"menu_order":0,"comment_status":"closed","ping_status":"closed","template":"","meta":{"footnotes":""},"class_list":["post-1893","page","type-page","status-publish","hentry"],"_links":{"self":[{"href":"https:\/\/youth.sncil.org\/es\/wp-json\/wp\/v2\/pages\/1893","targetHints":{"allow":["GET"]}}],"collection":[{"href":"https:\/\/youth.sncil.org\/es\/wp-json\/wp\/v2\/pages"}],"about":[{"href":"https:\/\/youth.sncil.org\/es\/wp-json\/wp\/v2\/types\/page"}],"author":[{"embeddable":true,"href":"https:\/\/youth.sncil.org\/es\/wp-json\/wp\/v2\/users\/1"}],"replies":[{"embeddable":true,"href":"https:\/\/youth.sncil.org\/es\/wp-json\/wp\/v2\/comments?post=1893"}],"version-history":[{"count":6,"href":"https:\/\/youth.sncil.org\/es\/wp-json\/wp\/v2\/pages\/1893\/revisions"}],"predecessor-version":[{"id":2622,"href":"https:\/\/youth.sncil.org\/es\/wp-json\/wp\/v2\/pages\/1893\/revisions\/2622"}],"up":[{"embeddable":true,"href":"https:\/\/youth.sncil.org\/es\/wp-json\/wp\/v2\/pages\/773"}],"wp:attachment":[{"href":"https:\/\/youth.sncil.org\/es\/wp-json\/wp\/v2\/media?parent=1893"}],"curies":[{"name":"wp","href":"https:\/\/api.w.org\/{rel}","templated":true}]}}